{"id":11,"date":"2017-08-01T12:13:17","date_gmt":"2017-08-01T12:13:17","guid":{"rendered":"https:\/\/consultationmediation.com\/en\/articles-medias\/"},"modified":"2021-04-14T13:47:48","modified_gmt":"2021-04-14T13:47:48","slug":"articles-medias","status":"publish","type":"page","link":"https:\/\/consultationmediation.com\/en\/articles-medias\/","title":{"rendered":"Articles, medias, etc."},"content":{"rendered":"\n\n\t<h1>\n\t\t\t\tArticles, medias, etc.\n\t\t\t<\/h1>\n\t<ul>\n\t\t<li><a href=\"https:\/\/www.amitele.ca\/category\/des-familles-comme-les-autres\/media\/la-monoparentalite?fbclid=IwAR0df2_QoJ0FjgwLsNjaQsZcmMAG5O6AMWoirIeCSW85y4hXeKsIKvqNCgQ\" target=\"_blank\" rel=\"noopener\"><\/a>\t\t\n\t\t\t\t<img decoding=\"async\" src=\"https:\/\/consultationmediation.com\/wp-content\/uploads\/2021\/04\/logo-fr-amitele-karine-joly.png\" alt=\"logo-fr-amitele-karine-joly\" title=\"logo-fr-amitele-karine-joly\" itemprop=\"image\"\/>\n\t\t<h3>La monoparentalit\u00e9 <\/h3>\u00c9mission \u00ab Des familles comme les autres \u00bb S2 E8 | 24 novembre 2020 | En fran\u00e7ais seulement<br \/>\nComment se vit une s\u00e9paration amoureuse quand on est un parent en situation de handicap ou ayant des enfants handicap\u00e9s. Aussi: le r\u00e9gime enregistr\u00e9 d&#8217;\u00e9pargne-invalidit\u00e9 dans tous ses d\u00e9tails, identifier les probl\u00e8mes auditifs chez l&#8217;enfant et le danseur et chor\u00e9graphe Jean-Marc G\u00e9n\u00e9reux nous parle du bonheur d&#8217;\u00eatre le papa de Francesca.\n<p>Cliquez et visionnez l&#8217;\u00e9pisode<\/p>\n<\/li><li><a href=\"https:\/\/consultationmediation.com\/wp-content\/uploads\/2021\/04\/article-La-Me\u0301diation-familiale.docx\" target=\"_blank\" rel=\"noopener\"><\/a>\t\t\t\t\n\t\t<h3>La me\u0301diation familiale, la solution pour une se\u0301paration en bons termes<\/h3><p>Article \u00e9crit par Karine Joly, T.S., me\u0301diatrice familiale accre\u0301dit\u00e9e et coach certifi\u00e9e. | En fran\u00e7ais seulement<\/p>\n<p>La rupture plonge souvent le couple dans une pe\u0301riode instable, voire me\u0302me de crise. La communication devient ardue ou de\u0301ficiente et les sentiments ne\u0301gatifs peuvent rendre le processus de se\u0301paration tre\u0300s difficile. [&#8230;]<\/p>\n<p>Cliquez et lisez l&#8217;article complet<\/p>\n<\/li>\t<\/ul>\n\t<ul>\n\t\t<li><a href=\"https:\/\/www.facebook.com\/consultationmediationkj\/\" target=\"_blank\" rel=\"noopener\"><\/a>\t\t\t\t\n\t\t<h3>Follow us on Facebook<\/h3><p>For more information on our services offered or to find out more about Consultation-Mediation K. J., log on.Take the opportunity to like our page and give your opinion.<\/p><\/li>\t<\/ul>\n\t<ul>\n\t\t<li><a href=\"https:\/\/www.linkedin.com\/in\/karine-joly-m-serv-soc-94089198\" target=\"_blank\" rel=\"noopener\"><\/a>\t\t\t\t\n\t\t<h3>Follow me on LinkedIn<\/h3><p>To all LinkedIn\u2122 professionals and friends, I invite you to subscribe to my page to learn all about my field of expertise and I will keep you informed of the latest news in the field.<\/p><\/li>\t<\/ul>\n\t<h2>\n\t\t\t\tProud member of\n\t\t\t<\/h2>\n\t\t\t\t<img decoding=\"async\" src=\"https:\/\/consultationmediation.com\/wp-content\/uploads\/2021\/04\/logo-otstcfq-karine-joly.png\" alt=\"logo-otstcfq-karine-joly\" title=\"logo-otstcfq-karine-joly\" itemprop=\"image\"\/>\n\t\t\t\t<img decoding=\"async\" src=\"https:\/\/consultationmediation.com\/wp-content\/uploads\/2021\/04\/logo-ICF-karine-joly.png\" alt=\"logo-ICF-karine-joly\" title=\"logo-ICF-karine-joly\" itemprop=\"image\"\/>\n\t\t\t\t<img decoding=\"async\" src=\"https:\/\/consultationmediation.com\/wp-content\/uploads\/2021\/04\/logo-afcc-karine-joly.jpg\" alt=\"logo-afcc-karine-joly\" title=\"logo-afcc-karine-joly\" itemprop=\"image\"\/>\n\t\t\t\t<img decoding=\"async\" src=\"https:\/\/consultationmediation.com\/wp-content\/uploads\/2021\/04\/logo-amfq-karine-joly-scaled.jpg\" alt=\"logo-amfq-karine-joly\" title=\"logo-amfq-karine-joly\" itemprop=\"image\"\/>\n\t\t\n","protected":false},"excerpt":{"rendered":"<p>Articles, medias, etc. La monoparentalit\u00e9 \u00c9mission \u00ab Des familles comme les autres \u00bb S2 E8 | 24 novembre 2020 | En fran\u00e7ais seulement Comment se vit une s\u00e9paration amoureuse quand on est un parent en situation de handicap ou ayant des enfants handicap\u00e9s. Aussi: le r\u00e9gime enregistr\u00e9 d&#8217;\u00e9pargne-invalidit\u00e9 dans tous ses d\u00e9tails, identifier les probl\u00e8mes [&hellip;]<\/p>\n","protected":false},"author":1,"featured_media":0,"parent":0,"menu_order":0,"comment_status":"closed","ping_status":"closed","template":"","meta":{"site-sidebar-layout":"no-sidebar","site-content-layout":"page-builder","ast-site-content-layout":"","site-content-style":"default","site-sidebar-style":"default","ast-global-header-display":"","ast-banner-title-visibility":"","ast-main-header-display":"","ast-hfb-above-header-display":"","ast-hfb-below-header-display":"","ast-hfb-mobile-header-display":"","site-post-title":"disabled","ast-breadcrumbs-content":"","ast-featured-img":"disabled","footer-sml-layout":"","theme-transparent-header-meta":"default","adv-header-id-meta":"","stick-header-meta":"","header-above-stick-meta":"","header-main-stick-meta":"","header-below-stick-meta":"","astra-migrate-meta-layouts":"default","ast-page-background-enabled":"default","ast-page-background-meta":{"desktop":{"background-color":"","background-image":"","background-repeat":"repeat","background-position":"center center","background-size":"auto","background-attachment":"scroll","background-type":"","background-media":"","overlay-type":"","overlay-color":"","overlay-gradient":""},"tablet":{"background-color":"","background-image":"","background-repeat":"repeat","background-position":"center center","background-size":"auto","background-attachment":"scroll","background-type":"","background-media":"","overlay-type":"","overlay-color":"","overlay-gradient":""},"mobile":{"background-color":"","background-image":"","background-repeat":"repeat","background-position":"center center","background-size":"auto","background-attachment":"scroll","background-type":"","background-media":"","overlay-type":"","overlay-color":"","overlay-gradient":""}},"ast-content-background-meta":{"desktop":{"background-color":"var(--ast-global-color-5)","background-image":"","background-repeat":"repeat","background-position":"center center","background-size":"auto","background-attachment":"scroll","background-type":"","background-media":"","overlay-type":"","overlay-color":"","overlay-gradient":""},"tablet":{"background-color":"var(--ast-global-color-5)","background-image":"","background-repeat":"repeat","background-position":"center center","background-size":"auto","background-attachment":"scroll","background-type":"","background-media":"","overlay-type":"","overlay-color":"","overlay-gradient":""},"mobile":{"background-color":"var(--ast-global-color-5)","background-image":"","background-repeat":"repeat","background-position":"center center","background-size":"auto","background-attachment":"scroll","background-type":"","background-media":"","overlay-type":"","overlay-color":"","overlay-gradient":""}},"footnotes":""},"class_list":["post-11","page","type-page","status-publish","hentry"],"_links":{"self":[{"href":"https:\/\/consultationmediation.com\/en\/wp-json\/wp\/v2\/pages\/11","targetHints":{"allow":["GET"]}}],"collection":[{"href":"https:\/\/consultationmediation.com\/en\/wp-json\/wp\/v2\/pages"}],"about":[{"href":"https:\/\/consultationmediation.com\/en\/wp-json\/wp\/v2\/types\/page"}],"author":[{"embeddable":true,"href":"https:\/\/consultationmediation.com\/en\/wp-json\/wp\/v2\/users\/1"}],"replies":[{"embeddable":true,"href":"https:\/\/consultationmediation.com\/en\/wp-json\/wp\/v2\/comments?post=11"}],"version-history":[{"count":2,"href":"https:\/\/consultationmediation.com\/en\/wp-json\/wp\/v2\/pages\/11\/revisions"}],"predecessor-version":[{"id":980,"href":"https:\/\/consultationmediation.com\/en\/wp-json\/wp\/v2\/pages\/11\/revisions\/980"}],"wp:attachment":[{"href":"https:\/\/consultationmediation.com\/en\/wp-json\/wp\/v2\/media?parent=11"}],"curies":[{"name":"wp","href":"https:\/\/api.w.org\/{rel}","templated":true}]}}